{"id":9,"date":"2023-07-11T11:47:02","date_gmt":"2023-07-11T11:47:02","guid":{"rendered":"https:\/\/galvan.ar\/?page_id=9"},"modified":"2023-10-10T00:30:39","modified_gmt":"2023-10-10T00:30:39","slug":"antecedentes","status":"publish","type":"page","link":"https:\/\/galvan.ar\/index.php\/antecedentes\/","title":{"rendered":"ANTECEDENTES"},"content":{"rendered":"\n<p>Mi formaci\u00f3n inicial en psiquiatr\u00eda se desarroll\u00f3 en el Hospital Provincial Neuropsiqui\u00e1trico de C\u00f3rdoba, donde trabaj\u00e9 como m\u00e9dico en formaci\u00f3n. Durante mi tiempo all\u00ed, mis responsabilidades inclu\u00edan una guardia de 24 horas cada semana, asistir a consultorios externos, participar en reuniones interdisciplinarias de equipo y atender un pabell\u00f3n de pacientes internados con supervisi\u00f3n (35 horas semanales). Este puesto lo ocup\u00e9 desde junio de 1996 hasta mayo de 1997 como parte del segundo a\u00f1o de mi posgrado en Psiquiatr\u00eda en el Centro de Formaci\u00f3n de Posgrado en Psiquiatr\u00eda, que depende de la Escuela de Graduados en Ciencias M\u00e9dicas de la U.N.C.<\/p>\n\n\n\n<p>Posteriormente, desde mayo de 1997 hasta julio de 1999, me un\u00ed al Centro de Asistencia Integral en Salud Mental (anteriormente conocido como Hospital Neuropsiqui\u00e1trico Provincial de C\u00f3rdoba) como m\u00e9dico ad honorem, donde trabaj\u00e9 28 horas a la semana en guardia, internado y consultorio externo.<\/p>\n\n\n\n<p>Durante 1997, tambi\u00e9n fui JTP ad honorem en la C\u00e1tedra de Cl\u00ednica Psiqui\u00e1trica del Hospital Nacional de Cl\u00ednicas U.N.C. Simult\u00e1neamente, desde febrero de 1997 hasta abril de 1998, trabaj\u00e9 como m\u00e9dico de guardia en la Cl\u00ednica Privada Saint Michel, espec\u00edficamente en el Servicio de Cl\u00ednica M\u00e9dica, y luego, desde febrero de 1997 hasta julio de 1999, en el Servicio de Psiquiatr\u00eda de la misma cl\u00ednica.<\/p>\n\n\n\n<p>Entre mis responsabilidades en la Cl\u00ednica Privada Saint Michel, tambi\u00e9n trabaj\u00e9 en los Consultorios Externos del Servicio de Psiquiatr\u00eda desde 1997 hasta julio de 1999, y asist\u00ed a cursos, ateneos y supervisiones de casos del departamento de capacitaci\u00f3n y docencia de la cl\u00ednica.<\/p>\n\n\n\n<p>Durante el periodo comprendido entre abril de 1998 y noviembre de 2002, prest\u00e9 mis servicios como m\u00e9dico psiquiatra para el PAMI a trav\u00e9s de la red de psiquiatr\u00eda de la F.A.C.A.P y la Asociaci\u00f3n de Cl\u00ednicas e Instituciones Psiqui\u00e1tricas de la Provincia de C\u00f3rdoba. Esta labor la realic\u00e9 en la Cl\u00ednica Privada Modelo de la ciudad de R\u00edo Tercero, Provincia de C\u00f3rdoba, atendiendo un promedio de 120 consultas mensuales en consultorio externo, y cubriendo a 50.000 afiliados.<\/p>\n\n\n\n<p>Entre 1999 y 2004, regres\u00e9 al Hospital Neuropsiqui\u00e1trico Provincial de C\u00f3rdoba como m\u00e9dico psiquiatra suplente, siendo parte del equipo interdisciplinario N\u00b01, con guardias de 24 hs., internado y consultorio externo.<\/p>\n\n\n\n<p>Adem\u00e1s, entre 2001 y 2002, coordine el taller de m\u00fasica del \u00c1rea de Rehabilitaci\u00f3n del Hospital Neuropsiqui\u00e1trico Provincial.<\/p>\n\n\n\n<p>En el a\u00f1o 2002, fui fundador de la Comisi\u00f3n de Inform\u00e1tica y Salud del Hospital Neuropsiqui\u00e1trico Provincial, y miembro de la Comisi\u00f3n de Emergencia y Desastres del mismo hospital.<\/p>\n\n\n\n<p>En los a\u00f1os 2002 y 2003, particip\u00e9 como vocal en el Comit\u00e9 de Capacitaci\u00f3n, Docencia e Investigaci\u00f3n del Hospital Neuropsiqui\u00e1trico Provincial.<\/p>\n\n\n\n<p>Desde agosto de 2004 hasta diciembre de 2008, trabaj\u00e9 como M\u00e9dico Psiquiatra en el Servicio de Psiquiatr\u00eda del Hospital Privado de la Ciudad de C\u00f3rdoba, realizando 25 horas semanales de actividades, que inclu\u00edan consultorio externo, interconsultas, reuni\u00f3n de servicio y guardia pasiva.<\/p>\n\n\n\n<p>Desde 2007, soy docente de la Residencia en Psiquiatr\u00eda del Hospital Privado de C\u00f3rdoba y prestador directo de OSDE y de APROSS hasta 2022, enfoc\u00e1ndome en tratamientos especializados de trastornos de ansiedad y trastornos asociados (fobias, p\u00e1nico).<\/p>\n\n\n\n<p>Entre 2008 y 2010, dirig\u00ed el servicio de psiquiatr\u00eda de <a href=\"http:\/\/www.tranqui.com.ar\/\">www.tranqui.com.ar<\/a>, y desde 2010 atiendo a pacientes a nivel nacional e internacional a trav\u00e9s de la telemedicina, con entrevistas diagn\u00f3sticas y psicoterapia remota.<\/p>\n\n\n\n<p>Desde 2010, he estado atendiendo a pacientes tanto a nivel nacional como internacional a trav\u00e9s de la telemedicina, realizando entrevistas diagn\u00f3sticas y psicoterapia remota. Esta experiencia ha resultado ser incre\u00edblemente valiosa, ya que me ha permitido acceder y proporcionar atenci\u00f3n a pacientes en una variedad de ubicaciones geogr\u00e1ficas, superando las limitaciones f\u00edsicas tradicionales de la atenci\u00f3n m\u00e9dica.<\/p>\n\n\n\n<p>Adem\u00e1s, durante el periodo de 2010 a 2013, fui Presidente de la Fundaci\u00f3n Tranqui (Personer\u00eda Jur\u00eddica 219 A 10), donde me dediqu\u00e9 a impulsar proyectos orientados a la mejora de la salud mental de nuestra comunidad. La fundaci\u00f3n es una entidad comprometida con la promoci\u00f3n de la salud mental y la prevenci\u00f3n de enfermedades psiqui\u00e1tricas, y durante mi mandato como presidente, trabajamos arduamente para desarrollar programas y estrategias efectivas en esta direcci\u00f3n.<\/p>\n\n\n\n<p>Durante estos a\u00f1os, tambi\u00e9n continu\u00e9 mi participaci\u00f3n en el desarrollo y gesti\u00f3n del sitio web de www.tranqui.com.ar. Esta plataforma ha permitido a numerosos pacientes obtener el apoyo que necesitan desde la comodidad de sus hogares, contribuyendo significativamente a la expansi\u00f3n y accesibilidad de los servicios de psiquiatr\u00eda.<\/p>\n\n\n\n<p>Mi inter\u00e9s y dedicaci\u00f3n por mantenerme al d\u00eda en los avances en el campo de la psiquiatr\u00eda, me llevaron a participar activamente en congresos y cursos, particularmente aquellos relacionados con la psicofarmacolog\u00eda y las neurociencias. Algunos de estos incluyen el ECNP (Congreso del Colegio Europeo de Neuropsicofarmacolog\u00eda) y varios cursos y seminarios de neurociencias, que han fortalecido mi comprensi\u00f3n y habilidades en el manejo de trastornos psiqui\u00e1tricos.<\/p>\n\n\n\n<p>Mi carrera ha estado centrada en la creencia de que una atenci\u00f3n psiqui\u00e1trica efectiva y compasiva puede marcar una gran diferencia en la vida de las personas. Cada paso que he tomado en mi viaje profesional ha estado guiado por este principio, y continuar\u00e1 si\u00e9ndolo en los a\u00f1os por venir.<\/p>\n\n\n\n<p>He desarrollado los siguientes sitios web a fin de facilitar el acceso a las personas abordar sus problemas de Salud Mental espec\u00edficamente Estr\u00e9s y Ansiedad por medio de la Tele medicina Psiqui\u00e1trica Especializada <a href=\"https:\/\/www.drgarcia.ar\">www.drgarcia.ar<\/a> sitio web dirigido a habitantes del interior del pa\u00eds. <a href=\"https:\/\/www.drgarcia.es\">www.drgarcia.es <\/a>sitio web dirigido a habitantes de Espa\u00f1a. <a href=\"https:\/\/www.drgarcia.us\">www.drgarcia.us<\/a> sitio web dirigido a la poblaci\u00f3n hispano parlante en el estado de Florida USA <\/p>\n\n\n\n<p><\/p>\n","protected":false},"excerpt":{"rendered":"<p>Mi formaci\u00f3n inicial en psiquiatr\u00eda se desarroll\u00f3 en el Hospital Provincial Neuropsiqui\u00e1trico de C\u00f3rdoba, donde trabaj\u00e9 como m\u00e9dico en formaci\u00f3n. Durante mi tiempo all\u00ed, mis responsabilidades inclu\u00edan una guardia de 24 horas cada semana, asistir a consultorios externos, participar en &hellip;<\/p>\n<p class=\"read-more\"> <a class=\"more-link\" href=\"https:\/\/galvan.ar\/index.php\/antecedentes\/\"> <span class=\"screen-reader-text\">ANTECEDENTES<\/span> Leer m\u00e1s \u00bb<\/a><\/p>\n","protected":false},"author":1,"featured_media":0,"parent":0,"menu_order":4,"comment_status":"closed","ping_status":"closed","template":"","meta":{"footnotes":""},"_links":{"self":[{"href":"https:\/\/galvan.ar\/index.php\/wp-json\/wp\/v2\/pages\/9"}],"collection":[{"href":"https:\/\/galvan.ar\/index.php\/wp-json\/wp\/v2\/pages"}],"about":[{"href":"https:\/\/galvan.ar\/index.php\/wp-json\/wp\/v2\/types\/page"}],"author":[{"embeddable":true,"href":"https:\/\/galvan.ar\/index.php\/wp-json\/wp\/v2\/users\/1"}],"replies":[{"embeddable":true,"href":"https:\/\/galvan.ar\/index.php\/wp-json\/wp\/v2\/comments?post=9"}],"version-history":[{"count":3,"href":"https:\/\/galvan.ar\/index.php\/wp-json\/wp\/v2\/pages\/9\/revisions"}],"predecessor-version":[{"id":105,"href":"https:\/\/galvan.ar\/index.php\/wp-json\/wp\/v2\/pages\/9\/revisions\/105"}],"wp:attachment":[{"href":"https:\/\/galvan.ar\/index.php\/wp-json\/wp\/v2\/media?parent=9"}],"curies":[{"name":"wp","href":"https:\/\/api.w.org\/{rel}","templated":true}]}}