{"id":23,"date":"2023-07-11T11:29:40","date_gmt":"2023-07-11T11:29:40","guid":{"rendered":"https:\/\/galvan.ar\/?page_id=23"},"modified":"2023-07-11T21:42:03","modified_gmt":"2023-07-11T21:42:03","slug":"turnos","status":"publish","type":"page","link":"https:\/\/galvan.ar\/index.php\/turnos\/","title":{"rendered":"TURNOS"},"content":{"rendered":"\n<div class=\"wp-block-columns is-layout-flex wp-container-core-columns-is-layout-1 wp-block-columns-is-layout-flex\">\n<div class=\"wp-block-column is-layout-flow wp-block-column-is-layout-flow\" style=\"flex-basis:100%\">\n<div class=\"wp-block-buttons is-layout-flex wp-block-buttons-is-layout-flex\">\n<div class=\"wp-block-button has-custom-width wp-block-button__width-100 is-style-outline\"><a class=\"wp-block-button__link wp-element-button\" href=\"https:\/\/calendly.com\/turnos\/consulta-on-line-ba\" target=\"_blank\" rel=\"noreferrer noopener\">TURNO CONSULTA ONLINE<\/a><\/div>\n\n\n\n<div class=\"wp-block-button has-custom-width wp-block-button__width-100 is-style-outline\"><a class=\"wp-block-button__link wp-element-button\" href=\"https:\/\/calendly.com\/turnos\/apto-psiquiatrico-ba\" target=\"_blank\" rel=\"noreferrer noopener\">TURNO APTO ONLINE<\/a><\/div>\n\n\n\n<div class=\"wp-block-button has-custom-width wp-block-button__width-100 is-style-outline\"><a class=\"wp-block-button__link wp-element-button\" href=\"https:\/\/calendly.com\/turnos\/apto-psiquiatrico-ba\">TURNO NO APTO ONLINE  | \u00abCARPETA MEDICA\u00bb<\/a><\/div>\n\n\n\n<div class=\"wp-block-button has-custom-width wp-block-button__width-100 is-style-outline\"><a class=\"wp-block-button__link wp-element-button\" href=\"https:\/\/api.whatsapp.com\/send?phone=541178892467&amp;text=Para%20solicitar%20un%20Sobreturno%20Particular%20BSAS%20-%20estoy%20usando%20el%20boton%20web%20-%20%C2%BFCual%20es%20la%20disponibilidad?%20entiendo%20que%20debo%20enviar%20comprobante%20de%20pago%20para%20reservar\" target=\"_blank\" rel=\"noreferrer noopener\">SOBRETURNOS | ENTRETURNOS<\/a><\/div>\n\n\n\n<div class=\"wp-block-button has-custom-width wp-block-button__width-100 is-style-outline\"><a class=\"wp-block-button__link wp-element-button\" href=\"https:\/\/calendly.com\/turnos\/consulta-a-distancia-internacional\" target=\"_blank\" rel=\"noreferrer noopener\">TURNO INTERNACIONAL<\/a><\/div>\n\n\n\n<div class=\"wp-block-button has-custom-width wp-block-button__width-100 is-style-outline\"><a class=\"wp-block-button__link wp-element-button\" href=\"https:\/\/galvan.ar\/index.php\/turnos\/#cancelar\">CANCELAR TURNOS<\/a><\/div>\n<\/div>\n<\/div>\n<\/div>\n\n\n\n<h2 class=\"wp-block-heading\" id=\"cancelar\">COMO CANCELAR UN TURNO ?<\/h2>\n\n\n\n<p><\/p>\n\n\n\n<p>\u00bfC\u00d3MO CANCELAR UNA CITA?<\/p>\n\n\n\n<p>Si reservaste tu cita a trav\u00e9s de nuestra plataforma web, sigue estos pasos:<\/p>\n\n\n\n<ol>\n<li>Abre la aplicaci\u00f3n de tu correo electr\u00f3nico y busca &#8216;cita&#8217; o &#8216;turno&#8217; en la barra de b\u00fasqueda.<\/li>\n\n\n\n<li>Busca el correo de confirmaci\u00f3n de la cita que enviaron nuestros sistemas.<\/li>\n\n\n\n<li>En ese correo, encontrar\u00e1s una opci\u00f3n para cancelar o reprogramar tu cita. Haz clic en ella.<\/li>\n\n\n\n<li>Este m\u00e9todo es completamente automatizado y est\u00e1 disponible 24\/7, incluso durante d\u00edas festivos. No se requiere confirmaci\u00f3n adicional.<\/li>\n<\/ol>\n\n\n\n<p>Si tienes una cita peri\u00f3dica o de psicoterapia (semanal o quincenal), usa este m\u00e9todo:<\/p>\n\n\n\n<ol>\n<li>Env\u00eda un mensaje de cancelaci\u00f3n a trav\u00e9s de WhatsApp, indicando los detalles de la cita que deseas cancelar.<\/li>\n\n\n\n<li>Espera la confirmaci\u00f3n de cancelaci\u00f3n por parte de nuestro equipo profesional.<\/li>\n<\/ol>\n\n\n\n<p>Por favor, ten en cuenta que este segundo m\u00e9todo requiere confirmaci\u00f3n del profesional para completar la cancelaci\u00f3n de la cita.<\/p>\n\n\n\n<div class=\"wp-block-buttons is-layout-flex wp-block-buttons-is-layout-flex\">\n<div class=\"wp-block-button has-custom-width wp-block-button__width-75\"><a class=\"wp-block-button__link wp-element-button\" href=\"https:\/\/api.whatsapp.com\/send?phone=5491178892467&amp;text=%20Cancelar%20Turno%20-%20Usando%20el%20boton%20web%20BA GALVAN.AR\" target=\"_blank\" rel=\"noreferrer noopener\">CANCELAR TURNO VIA WHATSAPP<\/a><\/div>\n<\/div>\n\n\n\n<p><a href=\"https:\/\/api.whatsapp.com\/send?phone=5491178892467\">Mensaje de WhatsApp<\/a><\/p>\n","protected":false},"excerpt":{"rendered":"<p>COMO CANCELAR UN TURNO ? \u00bfC\u00d3MO CANCELAR UNA CITA? Si reservaste tu cita a trav\u00e9s de nuestra plataforma web, sigue estos pasos: Si tienes una cita peri\u00f3dica o de psicoterapia (semanal o quincenal), usa este m\u00e9todo: Por favor, ten en &hellip;<\/p>\n<p class=\"read-more\"> <a class=\"more-link\" href=\"https:\/\/galvan.ar\/index.php\/turnos\/\"> <span class=\"screen-reader-text\">TURNOS<\/span> Leer m\u00e1s \u00bb<\/a><\/p>\n","protected":false},"author":1,"featured_media":0,"parent":0,"menu_order":1,"comment_status":"closed","ping_status":"closed","template":"","meta":{"footnotes":""},"_links":{"self":[{"href":"https:\/\/galvan.ar\/index.php\/wp-json\/wp\/v2\/pages\/23"}],"collection":[{"href":"https:\/\/galvan.ar\/index.php\/wp-json\/wp\/v2\/pages"}],"about":[{"href":"https:\/\/galvan.ar\/index.php\/wp-json\/wp\/v2\/types\/page"}],"author":[{"embeddable":true,"href":"https:\/\/galvan.ar\/index.php\/wp-json\/wp\/v2\/users\/1"}],"replies":[{"embeddable":true,"href":"https:\/\/galvan.ar\/index.php\/wp-json\/wp\/v2\/comments?post=23"}],"version-history":[{"count":16,"href":"https:\/\/galvan.ar\/index.php\/wp-json\/wp\/v2\/pages\/23\/revisions"}],"predecessor-version":[{"id":93,"href":"https:\/\/galvan.ar\/index.php\/wp-json\/wp\/v2\/pages\/23\/revisions\/93"}],"wp:attachment":[{"href":"https:\/\/galvan.ar\/index.php\/wp-json\/wp\/v2\/media?parent=23"}],"curies":[{"name":"wp","href":"https:\/\/api.w.org\/{rel}","templated":true}]}}